{"id":165,"date":"2022-05-10T17:53:41","date_gmt":"2022-05-10T20:53:41","guid":{"rendered":"https:\/\/b2egroup.com.br\/blog\/?page_id=165"},"modified":"2024-03-20T17:58:21","modified_gmt":"2024-03-20T20:58:21","slug":"sobre-nos","status":"publish","type":"page","link":"https:\/\/b2egroup.com.br\/blog\/sobre-nos\/","title":{"rendered":"Sobre N\u00f3s"},"content":{"rendered":"\t\t<div data-elementor-type=\"wp-page\" data-elementor-id=\"165\" class=\"elementor elementor-165\" data-elementor-post-type=\"page\">\n\t\t\t\t\t\t<section class=\"elementor-section elementor-top-section elementor-element elementor-element-eea28e6 elementor-section-height-min-height elementor-section-boxed elementor-section-height-default elementor-section-items-middle\" data-id=\"eea28e6\" data-element_type=\"section\" data-settings=\"{&quot;background_background&quot;:&quot;classic&quot;}\">\n\t\t\t\t\t\t\t<div class=\"elementor-background-overlay\"><\/div>\n\t\t\t\t\t\t\t<div class=\"elementor-container elementor-column-gap-default\">\n\t\t\t\t\t<div class=\"elementor-column elementor-col-100 elementor-top-column elementor-element elementor-element-0be432c\" data-id=\"0be432c\" data-element_type=\"column\">\n\t\t\t<div class=\"elementor-widget-wrap elementor-element-populated\">\n\t\t\t\t\t\t<section class=\"elementor-section elementor-inner-section elementor-element elementor-element-abe7226 elementor-section-boxed elementor-section-height-default elementor-section-height-default\" data-id=\"abe7226\" data-element_type=\"section\">\n\t\t\t\t\t\t<div class=\"elementor-container elementor-column-gap-default\">\n\t\t\t\t\t<div class=\"elementor-column elementor-col-100 elementor-inner-column elementor-element elementor-element-4b93e0e\" data-id=\"4b93e0e\" data-element_type=\"column\">\n\t\t\t<div class=\"elementor-widget-wrap elementor-element-populated\">\n\t\t\t\t\t\t<div class=\"elementor-element elementor-element-06746e6 elementor-widget elementor-widget-text-editor\" data-id=\"06746e6\" data-element_type=\"widget\" data-widget_type=\"text-editor.default\">\n\t\t\t\t<div class=\"elementor-widget-container\">\n\t\t\t\t\t\t\t\t\t<h1>Quem Somos<\/h1>\t\t\t\t\t\t\t\t<\/div>\n\t\t\t\t<\/div>\n\t\t\t\t\t<\/div>\n\t\t<\/div>\n\t\t\t\t\t<\/div>\n\t\t<\/section>\n\t\t\t\t\t<\/div>\n\t\t<\/div>\n\t\t\t\t\t<\/div>\n\t\t<\/section>\n\t\t\t\t<section class=\"elementor-section elementor-top-section elementor-element elementor-element-04fc2a1 elementor-section-boxed elementor-section-height-default elementor-section-height-default\" data-id=\"04fc2a1\" data-element_type=\"section\">\n\t\t\t\t\t\t<div class=\"elementor-container elementor-column-gap-default\">\n\t\t\t\t\t<div class=\"elementor-column elementor-col-100 elementor-top-column elementor-element elementor-element-a79a7aa\" data-id=\"a79a7aa\" data-element_type=\"column\">\n\t\t\t<div class=\"elementor-widget-wrap elementor-element-populated\">\n\t\t\t\t\t\t<section class=\"elementor-section elementor-inner-section elementor-element elementor-element-25c50a1 elementor-section-full_width elementor-section-height-default elementor-section-height-default\" data-id=\"25c50a1\" data-element_type=\"section\">\n\t\t\t\t\t\t<div class=\"elementor-container elementor-column-gap-default\">\n\t\t\t\t\t<div class=\"elementor-column elementor-col-100 elementor-inner-column elementor-element elementor-element-e806b77\" data-id=\"e806b77\" data-element_type=\"column\">\n\t\t\t<div class=\"elementor-widget-wrap elementor-element-populated\">\n\t\t\t\t\t\t<div class=\"elementor-element elementor-element-cb1da91 elementor-widget elementor-widget-text-editor\" data-id=\"cb1da91\" data-element_type=\"widget\" data-widget_type=\"text-editor.default\">\n\t\t\t\t<div class=\"elementor-widget-container\">\n\t\t\t\t\t\t\t\t\t<h2 style=\"font-size: 50px;\">Nossa raz\u00e3o \u00e9 a rela\u00e7\u00e3o de confian\u00e7a<\/h2>\t\t\t\t\t\t\t\t<\/div>\n\t\t\t\t<\/div>\n\t\t\t\t<div class=\"elementor-element elementor-element-25bde6e elementor-widget elementor-widget-text-editor\" data-id=\"25bde6e\" data-element_type=\"widget\" data-widget_type=\"text-editor.default\">\n\t\t\t\t<div class=\"elementor-widget-container\">\n\t\t\t\t\t\t\t\t\t<p>Conhecendo os desafios que as empresas enfrentam diariamente na busca pelo aumento e manuten\u00e7\u00e3o das vendas, <strong>conceder cr\u00e9dito e prevenir fraudes<\/strong> passou a ter import\u00e2ncia estrat\u00e9gica para seu neg\u00f3cio prosperar de forma segura e financeiramente saud\u00e1vel.<\/p><p>Dentro desses desafios \u00e9 que a B2e Group constr\u00f3i as <strong>rela\u00e7\u00f5es de confian\u00e7a<\/strong>.<\/p><p>Atrav\u00e9s de <strong>nossa tecnologia<\/strong>, oferecemos aos clientes conhecimento do neg\u00f3cio e atendimento diferenciado.<\/p><p>Processamos mensalmente <strong>milh\u00f5es de transa\u00e7\u00f5es<\/strong>, trabalhamos com parceiros de ponta como <strong>Amazon<\/strong> e <strong>Microsoft<\/strong>, oferecemos equipe de analistas em nossa solu\u00e7\u00e3o de BPO, dando suporte \u00e0s empresas que buscam melhorar seus processos internos.<\/p>\t\t\t\t\t\t\t\t<\/div>\n\t\t\t\t<\/div>\n\t\t\t\t\t<\/div>\n\t\t<\/div>\n\t\t\t\t\t<\/div>\n\t\t<\/section>\n\t\t\t\t\t<\/div>\n\t\t<\/div>\n\t\t\t\t\t<\/div>\n\t\t<\/section>\n\t\t\t\t<section class=\"elementor-section elementor-top-section elementor-element elementor-element-1f492df elementor-section-boxed elementor-section-height-default elementor-section-height-default\" data-id=\"1f492df\" data-element_type=\"section\" data-settings=\"{&quot;background_background&quot;:&quot;classic&quot;}\">\n\t\t\t\t\t\t\t<div class=\"elementor-background-overlay\"><\/div>\n\t\t\t\t\t\t\t<div class=\"elementor-container elementor-column-gap-default\">\n\t\t\t\t\t<div class=\"elementor-column elementor-col-100 elementor-top-column elementor-element elementor-element-adb4db8\" data-id=\"adb4db8\" data-element_type=\"column\">\n\t\t\t<div class=\"elementor-widget-wrap elementor-element-populated\">\n\t\t\t\t\t\t<div class=\"elementor-element elementor-element-46d2e65 elementor-widget elementor-widget-text-editor\" data-id=\"46d2e65\" data-element_type=\"widget\" data-widget_type=\"text-editor.default\">\n\t\t\t\t<div class=\"elementor-widget-container\">\n\t\t\t\t\t\t\t\t\t<h2>Parceiros<\/h2>\t\t\t\t\t\t\t\t<\/div>\n\t\t\t\t<\/div>\n\t\t\t\t<div class=\"elementor-element elementor-element-bf1e967 elementor-widget elementor-widget-text-editor\" data-id=\"bf1e967\" data-element_type=\"widget\" data-widget_type=\"text-editor.default\">\n\t\t\t\t<div class=\"elementor-widget-container\">\n\t\t\t\t\t\t\t\t\tNossos sistemas processam mensalmente milh\u00f5es de transa\u00e7\u00f5es. Possu\u00edmos uma infraestrutura robusta, garantindo aos nossos clientes estabilidade e seguran\u00e7a.\t\t\t\t\t\t\t\t<\/div>\n\t\t\t\t<\/div>\n\t\t\t\t<div class=\"elementor-element elementor-element-99a61c5 elementor-widget__width-initial elementor-widget elementor-widget-image\" data-id=\"99a61c5\" data-element_type=\"widget\" data-widget_type=\"image.default\">\n\t\t\t\t<div class=\"elementor-widget-container\">\n\t\t\t\t\t\t\t\t\t\t\t\t\t\t\t<img decoding=\"async\" width=\"250\" height=\"115\" src=\"https:\/\/b2egroup.com.br\/blog\/wp-content\/uploads\/2022\/05\/amazon-parceiro-2.png\" class=\"attachment-large size-large wp-image-204\" alt=\"\" \/>\t\t\t\t\t\t\t\t\t\t\t\t\t\t\t<\/div>\n\t\t\t\t<\/div>\n\t\t\t\t<div class=\"elementor-element elementor-element-451f409 elementor-widget__width-initial elementor-widget elementor-widget-image\" data-id=\"451f409\" data-element_type=\"widget\" data-widget_type=\"image.default\">\n\t\t\t\t<div class=\"elementor-widget-container\">\n\t\t\t\t\t\t\t\t\t\t\t\t\t\t\t<img decoding=\"async\" width=\"250\" height=\"115\" src=\"https:\/\/b2egroup.com.br\/blog\/wp-content\/uploads\/2022\/05\/ms-partner-2.png\" class=\"attachment-large size-large wp-image-205\" alt=\"\" \/>\t\t\t\t\t\t\t\t\t\t\t\t\t\t\t<\/div>\n\t\t\t\t<\/div>\n\t\t\t\t\t<\/div>\n\t\t<\/div>\n\t\t\t\t\t<\/div>\n\t\t<\/section>\n\t\t\t\t<section class=\"elementor-section elementor-top-section elementor-element elementor-element-1b12721 elementor-section-boxed elementor-section-height-default elementor-section-height-default\" data-id=\"1b12721\" data-element_type=\"section\">\n\t\t\t\t\t\t<div class=\"elementor-container elementor-column-gap-default\">\n\t\t\t\t\t<div class=\"elementor-column elementor-col-100 elementor-top-column elementor-element elementor-element-8a60b04\" data-id=\"8a60b04\" data-element_type=\"column\">\n\t\t\t<div class=\"elementor-widget-wrap elementor-element-populated\">\n\t\t\t\t\t\t<div class=\"elementor-element elementor-element-cfb4fb2 elementor-widget elementor-widget-video\" data-id=\"cfb4fb2\" data-element_type=\"widget\" data-settings=\"{&quot;youtube_url&quot;:&quot;https:\\\/\\\/youtu.be\\\/c52OMa9QwfY&quot;,&quot;show_image_overlay&quot;:&quot;yes&quot;,&quot;image_overlay&quot;:{&quot;url&quot;:&quot;http:\\\/\\\/b2egroup.com.br\\\/wp-content\\\/uploads\\\/2023\\\/12\\\/Thumb-Pagina-B2e.png&quot;,&quot;id&quot;:33776,&quot;size&quot;:&quot;&quot;,&quot;alt&quot;:&quot;&quot;,&quot;source&quot;:&quot;library&quot;},&quot;video_type&quot;:&quot;youtube&quot;,&quot;controls&quot;:&quot;yes&quot;}\" data-widget_type=\"video.default\">\n\t\t\t\t<div class=\"elementor-widget-container\">\n\t\t\t\t\t\t\t<div class=\"elementor-wrapper elementor-open-inline\">\n\t\t\t<div class=\"elementor-video\"><\/div>\t\t\t\t<div class=\"elementor-custom-embed-image-overlay\" style=\"background-image: url(https:\/\/b2egroup.com.br\/blog\/wp-content\/uploads\/2023\/12\/Thumb-Pagina-B2e.png);\">\n\t\t\t\t\t\t\t\t\t\t\t\t\t\t\t\t<div class=\"elementor-custom-embed-play\" role=\"button\" aria-label=\"Reproduzir v\u00eddeo\" tabindex=\"0\">\n\t\t\t\t\t\t\t<i aria-hidden=\"true\" class=\"eicon-play\"><\/i>\t\t\t\t\t\t<\/div>\n\t\t\t\t\t\t\t\t\t<\/div>\n\t\t\t\t\t<\/div>\n\t\t\t\t\t\t<\/div>\n\t\t\t\t<\/div>\n\t\t\t\t\t<\/div>\n\t\t<\/div>\n\t\t\t\t\t<\/div>\n\t\t<\/section>\n\t\t\t\t<\/div>\n\t\t","protected":false},"excerpt":{"rendered":"<p>Quem Somos Nossa raz\u00e3o \u00e9 a rela\u00e7\u00e3o de confian\u00e7a Conhecendo os desafios que as empresas enfrentam diariamente na busca pelo aumento e manuten\u00e7\u00e3o das vendas, conceder cr\u00e9dito e prevenir fraudes passou a ter import\u00e2ncia estrat\u00e9gica para seu neg\u00f3cio prosperar de forma segura e financeiramente saud\u00e1vel. Dentro desses desafios \u00e9 que a B2e Group constr\u00f3i as [&hellip;]<\/p>\n","protected":false},"author":4,"featured_media":34112,"parent":0,"menu_order":0,"comment_status":"closed","ping_status":"closed","template":"","meta":{"content-type":"","inline_featured_image":false,"_monsterinsights_skip_tracking":false,"_monsterinsights_sitenote_active":false,"_monsterinsights_sitenote_note":"","_monsterinsights_sitenote_category":0,"footnotes":""},"class_list":["post-165","page","type-page","status-publish","has-post-thumbnail","hentry"],"yoast_head":"<!-- This site is optimized with the Yoast SEO plugin v27.0 - https:\/\/yoast.com\/product\/yoast-seo-wordpress\/ -->\n<title>Sobre N\u00f3s - B2e<\/title>\n<meta name=\"robots\" content=\"index, follow, max-snippet:-1, max-image-preview:large, max-video-preview:-1\" \/>\n<link rel=\"canonical\" href=\"https:\/\/b2egroup.com.br\/blog\/sobre-nos\/\" \/>\n<meta property=\"og:locale\" content=\"pt_BR\" \/>\n<meta property=\"og:type\" content=\"article\" \/>\n<meta property=\"og:title\" content=\"Sobre N\u00f3s - B2e\" \/>\n<meta property=\"og:description\" content=\"Quem Somos Nossa raz\u00e3o \u00e9 a rela\u00e7\u00e3o de confian\u00e7a Conhecendo os desafios que as empresas enfrentam diariamente na busca pelo aumento e manuten\u00e7\u00e3o das vendas, conceder cr\u00e9dito e prevenir fraudes passou a ter import\u00e2ncia estrat\u00e9gica para seu neg\u00f3cio prosperar de forma segura e financeiramente saud\u00e1vel. Dentro desses desafios \u00e9 que a B2e Group constr\u00f3i as [&hellip;]\" \/>\n<meta property=\"og:url\" content=\"https:\/\/b2egroup.com.br\/blog\/sobre-nos\/\" \/>\n<meta property=\"og:site_name\" content=\"B2e\" \/>\n<meta property=\"article:publisher\" content=\"https:\/\/pt-br.facebook.com\/b2egroupsistemasdecredito\/\" \/>\n<meta property=\"article:modified_time\" content=\"2024-03-20T20:58:21+00:00\" \/>\n<meta property=\"og:image\" content=\"https:\/\/b2egroup.com.br\/blog\/wp-content\/uploads\/2024\/03\/b2e_logo_web_ns-mediumhp.jpg\" \/>\n\t<meta property=\"og:image:width\" content=\"313\" \/>\n\t<meta property=\"og:image:height\" content=\"165\" \/>\n\t<meta property=\"og:image:type\" content=\"image\/jpeg\" \/>\n<meta name=\"twitter:card\" content=\"summary_large_image\" \/>\n<meta name=\"twitter:label1\" content=\"Est. tempo de leitura\" \/>\n\t<meta name=\"twitter:data1\" content=\"2 minutos\" \/>\n<script type=\"application\/ld+json\" class=\"yoast-schema-graph\">{\"@context\":\"https:\/\/schema.org\",\"@graph\":[{\"@type\":\"WebPage\",\"@id\":\"https:\/\/b2egroup.com.br\/blog\/sobre-nos\/\",\"url\":\"https:\/\/b2egroup.com.br\/blog\/sobre-nos\/\",\"name\":\"Sobre N\u00f3s - B2e\",\"isPartOf\":{\"@id\":\"https:\/\/b2egroup.com.br\/blog\/#website\"},\"primaryImageOfPage\":{\"@id\":\"https:\/\/b2egroup.com.br\/blog\/sobre-nos\/#primaryimage\"},\"image\":{\"@id\":\"https:\/\/b2egroup.com.br\/blog\/sobre-nos\/#primaryimage\"},\"thumbnailUrl\":\"https:\/\/b2egroup.com.br\/blog\/wp-content\/uploads\/2024\/03\/b2e_logo_web_ns-mediumhp.jpg\",\"datePublished\":\"2022-05-10T20:53:41+00:00\",\"dateModified\":\"2024-03-20T20:58:21+00:00\",\"breadcrumb\":{\"@id\":\"https:\/\/b2egroup.com.br\/blog\/sobre-nos\/#breadcrumb\"},\"inLanguage\":\"pt-BR\",\"potentialAction\":[{\"@type\":\"ReadAction\",\"target\":[\"https:\/\/b2egroup.com.br\/blog\/sobre-nos\/\"]}]},{\"@type\":\"ImageObject\",\"inLanguage\":\"pt-BR\",\"@id\":\"https:\/\/b2egroup.com.br\/blog\/sobre-nos\/#primaryimage\",\"url\":\"https:\/\/b2egroup.com.br\/blog\/wp-content\/uploads\/2024\/03\/b2e_logo_web_ns-mediumhp.jpg\",\"contentUrl\":\"https:\/\/b2egroup.com.br\/blog\/wp-content\/uploads\/2024\/03\/b2e_logo_web_ns-mediumhp.jpg\",\"width\":313,\"height\":165},{\"@type\":\"BreadcrumbList\",\"@id\":\"https:\/\/b2egroup.com.br\/blog\/sobre-nos\/#breadcrumb\",\"itemListElement\":[{\"@type\":\"ListItem\",\"position\":1,\"name\":\"In\u00edcio\",\"item\":\"https:\/\/b2egroup.com.br\/blog\/\"},{\"@type\":\"ListItem\",\"position\":2,\"name\":\"Sobre N\u00f3s\"}]},{\"@type\":\"WebSite\",\"@id\":\"https:\/\/b2egroup.com.br\/blog\/#website\",\"url\":\"https:\/\/b2egroup.com.br\/blog\/\",\"name\":\"B2e\",\"description\":\"Decis\u00e3o de Cr\u00e9dito e Preven\u00e7\u00e3o a Fraude\",\"publisher\":{\"@id\":\"https:\/\/b2egroup.com.br\/blog\/#organization\"},\"potentialAction\":[{\"@type\":\"SearchAction\",\"target\":{\"@type\":\"EntryPoint\",\"urlTemplate\":\"https:\/\/b2egroup.com.br\/blog\/?s={search_term_string}\"},\"query-input\":{\"@type\":\"PropertyValueSpecification\",\"valueRequired\":true,\"valueName\":\"search_term_string\"}}],\"inLanguage\":\"pt-BR\"},{\"@type\":\"Organization\",\"@id\":\"https:\/\/b2egroup.com.br\/blog\/#organization\",\"name\":\"B2e\",\"url\":\"https:\/\/b2egroup.com.br\/blog\/\",\"logo\":{\"@type\":\"ImageObject\",\"inLanguage\":\"pt-BR\",\"@id\":\"https:\/\/b2egroup.com.br\/blog\/#\/schema\/logo\/image\/\",\"url\":\"https:\/\/b2egroup.com.br\/blog\/wp-content\/uploads\/2025\/10\/cropped-favicon-1.png\",\"contentUrl\":\"https:\/\/b2egroup.com.br\/blog\/wp-content\/uploads\/2025\/10\/cropped-favicon-1.png\",\"width\":64,\"height\":64,\"caption\":\"B2e\"},\"image\":{\"@id\":\"https:\/\/b2egroup.com.br\/blog\/#\/schema\/logo\/image\/\"},\"sameAs\":[\"https:\/\/pt-br.facebook.com\/b2egroupsistemasdecredito\/\"]}]}<\/script>\n<!-- \/ Yoast SEO plugin. -->","yoast_head_json":{"title":"Sobre N\u00f3s - B2e","robots":{"index":"index","follow":"follow","max-snippet":"max-snippet:-1","max-image-preview":"max-image-preview:large","max-video-preview":"max-video-preview:-1"},"canonical":"https:\/\/b2egroup.com.br\/blog\/sobre-nos\/","og_locale":"pt_BR","og_type":"article","og_title":"Sobre N\u00f3s - B2e","og_description":"Quem Somos Nossa raz\u00e3o \u00e9 a rela\u00e7\u00e3o de confian\u00e7a Conhecendo os desafios que as empresas enfrentam diariamente na busca pelo aumento e manuten\u00e7\u00e3o das vendas, conceder cr\u00e9dito e prevenir fraudes passou a ter import\u00e2ncia estrat\u00e9gica para seu neg\u00f3cio prosperar de forma segura e financeiramente saud\u00e1vel. Dentro desses desafios \u00e9 que a B2e Group constr\u00f3i as [&hellip;]","og_url":"https:\/\/b2egroup.com.br\/blog\/sobre-nos\/","og_site_name":"B2e","article_publisher":"https:\/\/pt-br.facebook.com\/b2egroupsistemasdecredito\/","article_modified_time":"2024-03-20T20:58:21+00:00","og_image":[{"width":313,"height":165,"url":"https:\/\/b2egroup.com.br\/blog\/wp-content\/uploads\/2024\/03\/b2e_logo_web_ns-mediumhp.jpg","type":"image\/jpeg"}],"twitter_card":"summary_large_image","twitter_misc":{"Est. tempo de leitura":"2 minutos"},"schema":{"@context":"https:\/\/schema.org","@graph":[{"@type":"WebPage","@id":"https:\/\/b2egroup.com.br\/blog\/sobre-nos\/","url":"https:\/\/b2egroup.com.br\/blog\/sobre-nos\/","name":"Sobre N\u00f3s - B2e","isPartOf":{"@id":"https:\/\/b2egroup.com.br\/blog\/#website"},"primaryImageOfPage":{"@id":"https:\/\/b2egroup.com.br\/blog\/sobre-nos\/#primaryimage"},"image":{"@id":"https:\/\/b2egroup.com.br\/blog\/sobre-nos\/#primaryimage"},"thumbnailUrl":"https:\/\/b2egroup.com.br\/blog\/wp-content\/uploads\/2024\/03\/b2e_logo_web_ns-mediumhp.jpg","datePublished":"2022-05-10T20:53:41+00:00","dateModified":"2024-03-20T20:58:21+00:00","breadcrumb":{"@id":"https:\/\/b2egroup.com.br\/blog\/sobre-nos\/#breadcrumb"},"inLanguage":"pt-BR","potentialAction":[{"@type":"ReadAction","target":["https:\/\/b2egroup.com.br\/blog\/sobre-nos\/"]}]},{"@type":"ImageObject","inLanguage":"pt-BR","@id":"https:\/\/b2egroup.com.br\/blog\/sobre-nos\/#primaryimage","url":"https:\/\/b2egroup.com.br\/blog\/wp-content\/uploads\/2024\/03\/b2e_logo_web_ns-mediumhp.jpg","contentUrl":"https:\/\/b2egroup.com.br\/blog\/wp-content\/uploads\/2024\/03\/b2e_logo_web_ns-mediumhp.jpg","width":313,"height":165},{"@type":"BreadcrumbList","@id":"https:\/\/b2egroup.com.br\/blog\/sobre-nos\/#breadcrumb","itemListElement":[{"@type":"ListItem","position":1,"name":"In\u00edcio","item":"https:\/\/b2egroup.com.br\/blog\/"},{"@type":"ListItem","position":2,"name":"Sobre N\u00f3s"}]},{"@type":"WebSite","@id":"https:\/\/b2egroup.com.br\/blog\/#website","url":"https:\/\/b2egroup.com.br\/blog\/","name":"B2e","description":"Decis\u00e3o de Cr\u00e9dito e Preven\u00e7\u00e3o a Fraude","publisher":{"@id":"https:\/\/b2egroup.com.br\/blog\/#organization"},"potentialAction":[{"@type":"SearchAction","target":{"@type":"EntryPoint","urlTemplate":"https:\/\/b2egroup.com.br\/blog\/?s={search_term_string}"},"query-input":{"@type":"PropertyValueSpecification","valueRequired":true,"valueName":"search_term_string"}}],"inLanguage":"pt-BR"},{"@type":"Organization","@id":"https:\/\/b2egroup.com.br\/blog\/#organization","name":"B2e","url":"https:\/\/b2egroup.com.br\/blog\/","logo":{"@type":"ImageObject","inLanguage":"pt-BR","@id":"https:\/\/b2egroup.com.br\/blog\/#\/schema\/logo\/image\/","url":"https:\/\/b2egroup.com.br\/blog\/wp-content\/uploads\/2025\/10\/cropped-favicon-1.png","contentUrl":"https:\/\/b2egroup.com.br\/blog\/wp-content\/uploads\/2025\/10\/cropped-favicon-1.png","width":64,"height":64,"caption":"B2e"},"image":{"@id":"https:\/\/b2egroup.com.br\/blog\/#\/schema\/logo\/image\/"},"sameAs":["https:\/\/pt-br.facebook.com\/b2egroupsistemasdecredito\/"]}]}},"_links":{"self":[{"href":"https:\/\/b2egroup.com.br\/blog\/wp-json\/wp\/v2\/pages\/165","targetHints":{"allow":["GET"]}}],"collection":[{"href":"https:\/\/b2egroup.com.br\/blog\/wp-json\/wp\/v2\/pages"}],"about":[{"href":"https:\/\/b2egroup.com.br\/blog\/wp-json\/wp\/v2\/types\/page"}],"author":[{"embeddable":true,"href":"https:\/\/b2egroup.com.br\/blog\/wp-json\/wp\/v2\/users\/4"}],"replies":[{"embeddable":true,"href":"https:\/\/b2egroup.com.br\/blog\/wp-json\/wp\/v2\/comments?post=165"}],"version-history":[{"count":10,"href":"https:\/\/b2egroup.com.br\/blog\/wp-json\/wp\/v2\/pages\/165\/revisions"}],"predecessor-version":[{"id":34110,"href":"https:\/\/b2egroup.com.br\/blog\/wp-json\/wp\/v2\/pages\/165\/revisions\/34110"}],"wp:featuredmedia":[{"embeddable":true,"href":"https:\/\/b2egroup.com.br\/blog\/wp-json\/wp\/v2\/media\/34112"}],"wp:attachment":[{"href":"https:\/\/b2egroup.com.br\/blog\/wp-json\/wp\/v2\/media?parent=165"}],"curies":[{"name":"wp","href":"https:\/\/api.w.org\/{rel}","templated":true}]}}